{"id":64,"date":"2025-01-06T18:42:53","date_gmt":"2025-01-06T17:42:53","guid":{"rendered":"http:\/\/endodietetyczka.pl\/?page_id=64"},"modified":"2026-02-09T22:47:18","modified_gmt":"2026-02-09T21:47:18","slug":"do-pobrania","status":"publish","type":"page","link":"http:\/\/endodietetyczka.pl\/index.php\/do-pobrania\/","title":{"rendered":"Do pobrania"},"content":{"rendered":"\t\t<div data-elementor-type=\"wp-page\" data-elementor-id=\"64\" class=\"elementor elementor-64\">\n\t\t\t\t<div class=\"elementor-element elementor-element-28b67a8d e-flex e-con-boxed e-con e-parent\" data-id=\"28b67a8d\" data-element_type=\"container\">\n\t\t\t\t\t<div class=\"e-con-inner\">\n\t\t\t\t<div class=\"elementor-element elementor-element-662faada elementor-widget elementor-widget-text-editor\" data-id=\"662faada\" data-element_type=\"widget\" data-widget_type=\"text-editor.default\">\n\t\t\t\t<div class=\"elementor-widget-container\">\n\t\t\t\t\t\t\t\t\t<p><\/p>\n<p>Pobierz kwestionariusz przed pierwsz\u0105 wizyt\u0105 i prze\u015blij do mnie mailowo na adres: <strong>endodietetyczka@gmail.com<\/strong>. Je\u015bli nie uda Ci si\u0119 wype\u0142ni\u0107 kwestionariusza &#8211; nie martw si\u0119, o wszystkim porozmawiamy podczas spotkania. W przypadku wizyty odbywaj\u0105cej si\u0119 online &#8211; w formie wideorozmowy &#8211; przes\u0142anie kwestionariusza przed wizyt\u0105 jest konieczne.<\/p>\n<p><\/p>\n<details class=\"wp-block-details is-layout-flow wp-block-details-is-layout-flow\">\n<summary>Kwestionariusz zdrowotno-\u017cywieniowy<\/summary>\n<p><\/p>\n<div class=\"wp-block-file\"><a id=\"wp-block-file--media-73dedcd4-a20a-45ef-b151-649ddf8c91b7\" href=\"http:\/\/endodietetyczka.pl\/wp-content\/uploads\/2025\/01\/A-Kwestionariusz-zdrowotno-zywieniowy.docx\">A &#8211; Kwestionariusz zdrowotno-z\u0307ywieniowy<\/a><a class=\"wp-block-file__button wp-element-button\" href=\"http:\/\/endodietetyczka.pl\/wp-content\/uploads\/2025\/01\/A-Kwestionariusz-zdrowotno-zywieniowy.docx\" download=\"\" aria-describedby=\"wp-block-file--media-73dedcd4-a20a-45ef-b151-649ddf8c91b7\">Pobierz<\/a><\/div>\n<p><\/p>\n<\/details>\n<p><\/p>\n<p>Sporz\u0105d\u017a dzienniczek \u017cywieniowy przed wizyt\u0105, abym mog\u0142a jeszcze lepiej Ci pom\u00f3c ju\u017c na pierwszym spotkaniu. To wa\u017cne narz\u0119dzie, zw\u0142aszcza je\u015bli zmagasz si\u0119 z dolegliwo\u015bciami gastrycznymi. Zabierz dzienniczek ze sob\u0105 na spotkanie lub r\u00f3wnie\u017c prze\u015blij go do mnie mailowo.<\/p>\n<p><\/p>\n<details class=\"wp-block-details is-layout-flow wp-block-details-is-layout-flow\">\n<summary>Dzienniczek \u017cywieniowy<\/summary>\n<summary><\/summary>\n<p><\/p>\n<p><\/p>\n<div class=\"wp-block-file\"><a id=\"wp-block-file--media-1787f934-06d7-455f-a8b7-8799c1b11db3\" href=\"http:\/\/endodietetyczka.pl\/wp-content\/uploads\/2025\/01\/Dzienniczek-zywieniowy.docx\">Dzienniczek-z\u0307ywieniowy<\/a><a class=\"wp-block-file__button wp-element-button\" href=\"http:\/\/endodietetyczka.pl\/wp-content\/uploads\/2025\/01\/Dzienniczek-zywieniowy.docx\" download=\"\" aria-describedby=\"wp-block-file--media-1787f934-06d7-455f-a8b7-8799c1b11db3\">Pobierz<\/a><\/div>\n<p><\/p>\n<p><\/p>\n<\/details>\n<p><\/p>\n<p><\/p>\t\t\t\t\t\t\t\t<\/div>\n\t\t\t\t<\/div>\n\t\t\t\t\t<\/div>\n\t\t\t\t<\/div>\n\t\t\t\t<\/div>\n\t\t","protected":false},"excerpt":{"rendered":"<p>Pobierz kwestionariusz przed pierwsz\u0105 wizyt\u0105 i prze\u015blij do mnie mailowo na adres: endodietetyczka@gmail.com. Je\u015bli nie uda Ci si\u0119 wype\u0142ni\u0107 kwestionariusza &#8211; nie martw si\u0119, o wszystkim porozmawiamy podczas spotkania. W &hellip; <\/p>\n","protected":false},"author":1,"featured_media":0,"parent":0,"menu_order":0,"comment_status":"closed","ping_status":"closed","template":"","meta":{"footnotes":""},"class_list":["post-64","page","type-page","status-publish","hentry","has-meta has-sticky-meta"],"_links":{"self":[{"href":"http:\/\/endodietetyczka.pl\/index.php\/wp-json\/wp\/v2\/pages\/64","targetHints":{"allow":["GET"]}}],"collection":[{"href":"http:\/\/endodietetyczka.pl\/index.php\/wp-json\/wp\/v2\/pages"}],"about":[{"href":"http:\/\/endodietetyczka.pl\/index.php\/wp-json\/wp\/v2\/types\/page"}],"author":[{"embeddable":true,"href":"http:\/\/endodietetyczka.pl\/index.php\/wp-json\/wp\/v2\/users\/1"}],"replies":[{"embeddable":true,"href":"http:\/\/endodietetyczka.pl\/index.php\/wp-json\/wp\/v2\/comments?post=64"}],"version-history":[{"count":10,"href":"http:\/\/endodietetyczka.pl\/index.php\/wp-json\/wp\/v2\/pages\/64\/revisions"}],"predecessor-version":[{"id":272,"href":"http:\/\/endodietetyczka.pl\/index.php\/wp-json\/wp\/v2\/pages\/64\/revisions\/272"}],"wp:attachment":[{"href":"http:\/\/endodietetyczka.pl\/index.php\/wp-json\/wp\/v2\/media?parent=64"}],"curies":[{"name":"wp","href":"https:\/\/api.w.org\/{rel}","templated":true}]}}